{"id":2,"date":"2020-05-18T09:25:08","date_gmt":"2020-05-18T09:25:08","guid":{"rendered":"https:\/\/umfrage.vorschau.work\/?page_id=2"},"modified":"2020-05-29T20:12:21","modified_gmt":"2020-05-29T20:12:21","slug":"sample-page","status":"publish","type":"page","link":"https:\/\/kondomriss.de\/","title":{"rendered":"WER IST\u2019S GEWESEN?"},"content":{"rendered":"\n<figure class=\"wp-block-image size-large is-style-default\"><img loading=\"lazy\" width=\"1024\" height=\"715\" src=\"https:\/\/umfrage.vorschau.work\/wp-content\/uploads\/2020\/05\/kondom3-1024x715.jpg\" alt=\"\" class=\"wp-image-66\" srcset=\"https:\/\/kondomriss.de\/wp-content\/uploads\/2020\/05\/kondom3-1024x715.jpg 1024w, https:\/\/kondomriss.de\/wp-content\/uploads\/2020\/05\/kondom3-300x210.jpg 300w, https:\/\/kondomriss.de\/wp-content\/uploads\/2020\/05\/kondom3-768x536.jpg 768w, https:\/\/kondomriss.de\/wp-content\/uploads\/2020\/05\/kondom3.jpg 1200w\" sizes=\"(max-width: 706px) 89vw, (max-width: 767px) 82vw, 740px\" \/><\/figure>\n\n\n\n<p>Kondom gerissen? Nicht lustig: Pille danach, dann ewiges Warten auf den n\u00e4chsten Zyklus &#8230; Sofern er denn kommt &#8230; \ud83d\ude09 Am besten auch noch angesteckt \u2013 mit dann eeewigem Warten auf Testergebnisse &#8230; Kinder m\u00f6chte man doch gar keine. Insbesondere jetzt nicht. Von Infektionskrankheiten mal ganz zu schweigen &#8230; :p Aber h\u00e4tte, h\u00e4tte, Verh\u00fctungskette: Aus Schaden wird man ja bekanntlich klug. Hoffentlich. Und wenn doch nicht, dann zumindest \u2013 vielleicht \u2013 andere. Daher teilt hier durch unkomplizierte Teilnahme an der Umfrage, welche Kondome taugen bzw. mit dem Kondom welchen Herstellers es man besser NICHT treiben sollte, wenn man sich DIESEN GANZEN SCH*** ersparen will &#8230; Keine Daten eingeben, keine Bankverbindung, keine Penisvergr\u00f6\u00dferung und auch sonst kein Nepp \u2013 einfach nur Klicken. 1x. Das war\u2019s. Und geholfen&nbsp;\u00fe. Sodann:<\/p>\n\n\n\n<p><\/p>\n\n\n\n<div id=\"totalpoll\" class=\"totalpoll-wrapper totalpoll-uid-2e21fe0b6d537996d47c3d4b16d0e3cc is-ltr is-screen-vote\" totalpoll=\"7\" totalpoll-uid=\"2e21fe0b6d537996d47c3d4b16d0e3cc\" totalpoll-screen=\"vote\" totalpoll-ajax-url=\"https:\/\/kondomriss.de\/wp-admin\/admin-ajax.php?action=totalpoll&totalpoll%5BpollId%5D=7&totalpoll%5Baction%5D=view&totalpoll%5Bscreen%5D=vote\"><script type=\"text\/totalpoll-config\" totalpoll-config=\"7\">{\"ajaxEndpoint\":\"https:\\\/\\\/kondomriss.de\\\/wp-admin\\\/admin-ajax.php?action=totalpoll\",\"behaviours\":{\"ajax\":true,\"scrollUp\":true,\"async\":false},\"effects\":{\"transition\":\"fade\",\"duration\":\"500\"},\"i18n\":{\"Previous\":\"Zur\\u00fcckk\",\"Next\":\"Weiter\",\"of\":\"von\",\"Something went wrong! Please try again.\":\"Etwas ist schief gelaufen! Bitte versuchen Sie es erneut.\"}}<\/script><link rel=\"stylesheet\" id=\"totalpoll-poll-2e21fe0b6d537996d47c3d4b16d0e3cc-css\"  href=\"https:\/\/kondomriss.de\/wp-content\/cache\/totalpoll\/css\/2e21fe0b6d537996d47c3d4b16d0e3cc.css\" type=\"text\/css\" media=\"all\" \/><div id=\"totalpoll-poll-7\" class=\"totalpoll-container\"><form action=\"\" enctype=\"multipart\/form-data\" class=\"totalpoll-form\" method=\"POST\" novalidate=\"novalidate\"><div style=\"visibility: hidden; position: absolute; width: 0px; height: 0px;\">\r\n    <svg id=\"totalpoll-check-icon\" xmlns=\"http:\/\/www.w3.org\/2000\/svg\" width=\"24\" height=\"24\" viewBox=\"0 0 24 24\">\r\n        <path d=\"M0,0H24V24H0Z\" fill=\"none\"\/>\r\n        <path d=\"M9,15.1999l-4.2-4.2L2.3999,13.4,9,20.0001,22.0001,7,19.6,4.5999Z\"\/>\r\n    <\/svg>\r\n<\/div>\r\n    <div class=\"totalpoll-questions\">\r\n\t\t<div class=\"totalpoll-question\"\r\n     totalpoll-min-selection=\"1\"\r\n     totalpoll-max-selection=\"10\" >\r\n    <div class=\"totalpoll-question-container\">\r\n        <div class=\"totalpoll-question-content\" >\r\n\t\t\t<h1>Welche Kondome sind bei euch schonmal gerissen?<\/h1>\n        <\/div>\r\n\r\n        <div class=\"totalpoll-question-choices\">\r\n\t\t\t\t\t\t\t\t\t\t\t\t<label for=\"choice-7670d3ef-6679-4b86-91aa-8ab4b27ef02e-selector\" tabindex=\"0\"\r\n       class=\"totalpoll-question-choices-item totalpoll-question-choices-item-type-text \" >\r\n    <div class=\"totalpoll-question-choices-item-container\">\r\n        \r\n        <div class=\"totalpoll-question-choices-item-control\">\r\n            <div class=\"totalpoll-question-choices-item-selector totalpoll-question-choices-item-selector-multiple\">\r\n\t\t\t\t<input type=\"checkbox\" id=\"choice-7670d3ef-6679-4b86-91aa-8ab4b27ef02e-selector\" name=\"totalpoll[choices][cf4eca0d-6b37-4840-93ba-664d94c308b1][]\" value=\"7670d3ef-6679-4b86-91aa-8ab4b27ef02e\">                <div class=\"totalpoll-question-choices-item-selector-box\">\r\n                    <svg xmlns=\"http:\/\/www.w3.org\/2000\/svg\" width=\"24\" height=\"24\" viewBox=\"0 0 24 24\">\r\n                        <use xmlns:xlink=\"http:\/\/www.w3.org\/1999\/xlink\" xlink:href=\"#totalpoll-check-icon\"><\/use>\r\n                    <\/svg>\r\n                <\/div>\r\n            <\/div>\r\n            <div class=\"totalpoll-question-choices-item-label\">\r\n                <span >DUREX<\/span>\r\n            <\/div>\r\n        <\/div>\r\n    <\/div>\r\n<\/label>\r\n\t\t\t\t\t\t\t\t\t\t\t\t\t\t\t\t<label for=\"choice-50426e4a-eefd-4db8-b4a0-09b6ef41bd2e-selector\" tabindex=\"0\"\r\n       class=\"totalpoll-question-choices-item totalpoll-question-choices-item-type-text \" >\r\n    <div class=\"totalpoll-question-choices-item-container\">\r\n        \r\n        <div class=\"totalpoll-question-choices-item-control\">\r\n            <div class=\"totalpoll-question-choices-item-selector totalpoll-question-choices-item-selector-multiple\">\r\n\t\t\t\t<input type=\"checkbox\" id=\"choice-50426e4a-eefd-4db8-b4a0-09b6ef41bd2e-selector\" name=\"totalpoll[choices][cf4eca0d-6b37-4840-93ba-664d94c308b1][]\" value=\"50426e4a-eefd-4db8-b4a0-09b6ef41bd2e\">                <div class=\"totalpoll-question-choices-item-selector-box\">\r\n                    <svg xmlns=\"http:\/\/www.w3.org\/2000\/svg\" width=\"24\" height=\"24\" viewBox=\"0 0 24 24\">\r\n                        <use xmlns:xlink=\"http:\/\/www.w3.org\/1999\/xlink\" xlink:href=\"#totalpoll-check-icon\"><\/use>\r\n                    <\/svg>\r\n                <\/div>\r\n            <\/div>\r\n            <div class=\"totalpoll-question-choices-item-label\">\r\n                <span >ON)<\/span>\r\n            <\/div>\r\n        <\/div>\r\n    <\/div>\r\n<\/label>\r\n\t\t\t\t\t\t\t\t\t\t\t\t\t\t\t\t<label for=\"choice-9e08df16-9f59-4b78-b7bc-ee08c95b35f4-selector\" tabindex=\"0\"\r\n       class=\"totalpoll-question-choices-item totalpoll-question-choices-item-type-text \" >\r\n    <div class=\"totalpoll-question-choices-item-container\">\r\n        \r\n        <div class=\"totalpoll-question-choices-item-control\">\r\n            <div class=\"totalpoll-question-choices-item-selector totalpoll-question-choices-item-selector-multiple\">\r\n\t\t\t\t<input type=\"checkbox\" id=\"choice-9e08df16-9f59-4b78-b7bc-ee08c95b35f4-selector\" name=\"totalpoll[choices][cf4eca0d-6b37-4840-93ba-664d94c308b1][]\" value=\"9e08df16-9f59-4b78-b7bc-ee08c95b35f4\">                <div class=\"totalpoll-question-choices-item-selector-box\">\r\n                    <svg xmlns=\"http:\/\/www.w3.org\/2000\/svg\" width=\"24\" height=\"24\" viewBox=\"0 0 24 24\">\r\n                        <use xmlns:xlink=\"http:\/\/www.w3.org\/1999\/xlink\" xlink:href=\"#totalpoll-check-icon\"><\/use>\r\n                    <\/svg>\r\n                <\/div>\r\n            <\/div>\r\n            <div class=\"totalpoll-question-choices-item-label\">\r\n                <span >EINHORN<\/span>\r\n            <\/div>\r\n        <\/div>\r\n    <\/div>\r\n<\/label>\r\n\t\t\t\t\t\t\t\t\t\t\t\t\t\t\t\t<label for=\"choice-0d32e7ef-ef74-420c-9d96-4933c3a81ef6-selector\" tabindex=\"0\"\r\n       class=\"totalpoll-question-choices-item totalpoll-question-choices-item-type-text \" >\r\n    <div class=\"totalpoll-question-choices-item-container\">\r\n        \r\n        <div class=\"totalpoll-question-choices-item-control\">\r\n            <div class=\"totalpoll-question-choices-item-selector totalpoll-question-choices-item-selector-multiple\">\r\n\t\t\t\t<input type=\"checkbox\" id=\"choice-0d32e7ef-ef74-420c-9d96-4933c3a81ef6-selector\" name=\"totalpoll[choices][cf4eca0d-6b37-4840-93ba-664d94c308b1][]\" value=\"0d32e7ef-ef74-420c-9d96-4933c3a81ef6\">                <div class=\"totalpoll-question-choices-item-selector-box\">\r\n                    <svg xmlns=\"http:\/\/www.w3.org\/2000\/svg\" width=\"24\" height=\"24\" viewBox=\"0 0 24 24\">\r\n                        <use xmlns:xlink=\"http:\/\/www.w3.org\/1999\/xlink\" xlink:href=\"#totalpoll-check-icon\"><\/use>\r\n                    <\/svg>\r\n                <\/div>\r\n            <\/div>\r\n            <div class=\"totalpoll-question-choices-item-label\">\r\n                <span >RITEX<\/span>\r\n            <\/div>\r\n        <\/div>\r\n    <\/div>\r\n<\/label>\r\n\t\t\t\t\t\t\t\t\t\t\t\t\t\t\t\t<label for=\"choice-d01d51ef-936f-4f37-a8e6-f00fde8ec467-selector\" tabindex=\"0\"\r\n       class=\"totalpoll-question-choices-item totalpoll-question-choices-item-type-text \" >\r\n    <div class=\"totalpoll-question-choices-item-container\">\r\n        \r\n        <div class=\"totalpoll-question-choices-item-control\">\r\n            <div class=\"totalpoll-question-choices-item-selector totalpoll-question-choices-item-selector-multiple\">\r\n\t\t\t\t<input type=\"checkbox\" id=\"choice-d01d51ef-936f-4f37-a8e6-f00fde8ec467-selector\" name=\"totalpoll[choices][cf4eca0d-6b37-4840-93ba-664d94c308b1][]\" value=\"d01d51ef-936f-4f37-a8e6-f00fde8ec467\">                <div class=\"totalpoll-question-choices-item-selector-box\">\r\n                    <svg xmlns=\"http:\/\/www.w3.org\/2000\/svg\" width=\"24\" height=\"24\" viewBox=\"0 0 24 24\">\r\n                        <use xmlns:xlink=\"http:\/\/www.w3.org\/1999\/xlink\" xlink:href=\"#totalpoll-check-icon\"><\/use>\r\n                    <\/svg>\r\n                <\/div>\r\n            <\/div>\r\n            <div class=\"totalpoll-question-choices-item-label\">\r\n                <span >AMOR<\/span>\r\n            <\/div>\r\n        <\/div>\r\n    <\/div>\r\n<\/label>\r\n\t\t\t\t\t\t\t\t\t\t\t\t\t\t\t\t<label for=\"choice-eace7612-9122-4165-8dee-68be55944c14-selector\" tabindex=\"0\"\r\n       class=\"totalpoll-question-choices-item totalpoll-question-choices-item-type-text \" >\r\n    <div class=\"totalpoll-question-choices-item-container\">\r\n        \r\n        <div class=\"totalpoll-question-choices-item-control\">\r\n            <div class=\"totalpoll-question-choices-item-selector totalpoll-question-choices-item-selector-multiple\">\r\n\t\t\t\t<input type=\"checkbox\" id=\"choice-eace7612-9122-4165-8dee-68be55944c14-selector\" name=\"totalpoll[choices][cf4eca0d-6b37-4840-93ba-664d94c308b1][]\" value=\"eace7612-9122-4165-8dee-68be55944c14\">                <div class=\"totalpoll-question-choices-item-selector-box\">\r\n                    <svg xmlns=\"http:\/\/www.w3.org\/2000\/svg\" width=\"24\" height=\"24\" viewBox=\"0 0 24 24\">\r\n                        <use xmlns:xlink=\"http:\/\/www.w3.org\/1999\/xlink\" xlink:href=\"#totalpoll-check-icon\"><\/use>\r\n                    <\/svg>\r\n                <\/div>\r\n            <\/div>\r\n            <div class=\"totalpoll-question-choices-item-label\">\r\n                <span >LONDON<\/span>\r\n            <\/div>\r\n        <\/div>\r\n    <\/div>\r\n<\/label>\r\n\t\t\t\t\t\t\t\t\t\t\t\t\t\t\t\t<label for=\"choice-eaa0a622-63c0-4094-96e9-37289192b905-selector\" tabindex=\"0\"\r\n       class=\"totalpoll-question-choices-item totalpoll-question-choices-item-type-text \" >\r\n    <div class=\"totalpoll-question-choices-item-container\">\r\n        \r\n        <div class=\"totalpoll-question-choices-item-control\">\r\n            <div class=\"totalpoll-question-choices-item-selector totalpoll-question-choices-item-selector-multiple\">\r\n\t\t\t\t<input type=\"checkbox\" id=\"choice-eaa0a622-63c0-4094-96e9-37289192b905-selector\" name=\"totalpoll[choices][cf4eca0d-6b37-4840-93ba-664d94c308b1][]\" value=\"eaa0a622-63c0-4094-96e9-37289192b905\">                <div class=\"totalpoll-question-choices-item-selector-box\">\r\n                    <svg xmlns=\"http:\/\/www.w3.org\/2000\/svg\" width=\"24\" height=\"24\" viewBox=\"0 0 24 24\">\r\n                        <use xmlns:xlink=\"http:\/\/www.w3.org\/1999\/xlink\" xlink:href=\"#totalpoll-check-icon\"><\/use>\r\n                    <\/svg>\r\n                <\/div>\r\n            <\/div>\r\n            <div class=\"totalpoll-question-choices-item-label\">\r\n                <span >BILLY BOY<\/span>\r\n            <\/div>\r\n        <\/div>\r\n    <\/div>\r\n<\/label>\r\n\t\t\t\t\t\t\t\t\t\t\t\t\t\t\t\t<label for=\"choice-92e0f4c8-37d5-4f50-a773-13087e3cee10-selector\" tabindex=\"0\"\r\n       class=\"totalpoll-question-choices-item totalpoll-question-choices-item-type-text \" >\r\n    <div class=\"totalpoll-question-choices-item-container\">\r\n        \r\n        <div class=\"totalpoll-question-choices-item-control\">\r\n            <div class=\"totalpoll-question-choices-item-selector totalpoll-question-choices-item-selector-multiple\">\r\n\t\t\t\t<input type=\"checkbox\" id=\"choice-92e0f4c8-37d5-4f50-a773-13087e3cee10-selector\" name=\"totalpoll[choices][cf4eca0d-6b37-4840-93ba-664d94c308b1][]\" value=\"92e0f4c8-37d5-4f50-a773-13087e3cee10\">                <div class=\"totalpoll-question-choices-item-selector-box\">\r\n                    <svg xmlns=\"http:\/\/www.w3.org\/2000\/svg\" width=\"24\" height=\"24\" viewBox=\"0 0 24 24\">\r\n                        <use xmlns:xlink=\"http:\/\/www.w3.org\/1999\/xlink\" xlink:href=\"#totalpoll-check-icon\"><\/use>\r\n                    <\/svg>\r\n                <\/div>\r\n            <\/div>\r\n            <div class=\"totalpoll-question-choices-item-label\">\r\n                <span >SKYN MANIX<\/span>\r\n            <\/div>\r\n        <\/div>\r\n    <\/div>\r\n<\/label>\r\n\t\t\t\t\t\t\t\t\t\t\t\t\t\t\t\t<label for=\"choice-531973db-2f41-427b-a6cd-2b987feb9c6a-selector\" tabindex=\"0\"\r\n       class=\"totalpoll-question-choices-item totalpoll-question-choices-item-type-text \" >\r\n    <div class=\"totalpoll-question-choices-item-container\">\r\n        \r\n        <div class=\"totalpoll-question-choices-item-control\">\r\n            <div class=\"totalpoll-question-choices-item-selector totalpoll-question-choices-item-selector-multiple\">\r\n\t\t\t\t<input type=\"checkbox\" id=\"choice-531973db-2f41-427b-a6cd-2b987feb9c6a-selector\" name=\"totalpoll[choices][cf4eca0d-6b37-4840-93ba-664d94c308b1][]\" value=\"531973db-2f41-427b-a6cd-2b987feb9c6a\">                <div class=\"totalpoll-question-choices-item-selector-box\">\r\n                    <svg xmlns=\"http:\/\/www.w3.org\/2000\/svg\" width=\"24\" height=\"24\" viewBox=\"0 0 24 24\">\r\n                        <use xmlns:xlink=\"http:\/\/www.w3.org\/1999\/xlink\" xlink:href=\"#totalpoll-check-icon\"><\/use>\r\n                    <\/svg>\r\n                <\/div>\r\n            <\/div>\r\n            <div class=\"totalpoll-question-choices-item-label\">\r\n                <span >MY.SIZE<\/span>\r\n            <\/div>\r\n        <\/div>\r\n    <\/div>\r\n<\/label>\r\n\t\t\t\t\t\t\t\t\t\t\t\t\t\t\t\t<label for=\"choice-aeff84af-e579-4906-b418-855be3ad8773-selector\" tabindex=\"0\"\r\n       class=\"totalpoll-question-choices-item totalpoll-question-choices-item-type-text \" >\r\n    <div class=\"totalpoll-question-choices-item-container\">\r\n        \r\n        <div class=\"totalpoll-question-choices-item-control\">\r\n            <div class=\"totalpoll-question-choices-item-selector totalpoll-question-choices-item-selector-multiple\">\r\n\t\t\t\t<input type=\"checkbox\" id=\"choice-aeff84af-e579-4906-b418-855be3ad8773-selector\" name=\"totalpoll[choices][cf4eca0d-6b37-4840-93ba-664d94c308b1][]\" value=\"aeff84af-e579-4906-b418-855be3ad8773\">                <div class=\"totalpoll-question-choices-item-selector-box\">\r\n                    <svg xmlns=\"http:\/\/www.w3.org\/2000\/svg\" width=\"24\" height=\"24\" viewBox=\"0 0 24 24\">\r\n                        <use xmlns:xlink=\"http:\/\/www.w3.org\/1999\/xlink\" xlink:href=\"#totalpoll-check-icon\"><\/use>\r\n                    <\/svg>\r\n                <\/div>\r\n            <\/div>\r\n            <div class=\"totalpoll-question-choices-item-label\">\r\n                <span >FROMMS<\/span>\r\n            <\/div>\r\n        <\/div>\r\n    <\/div>\r\n<\/label>\r\n\t\t\t\t\t\t\t            \r\n        <\/div>\r\n    <\/div>\r\n<\/div>\r\n    <\/div>\r\n<div class=\"totalpoll-form-hidden-fields\">\r\n\t<div class=\"totalpoll-form-page\"><div class=\"totalpoll-form-field-hidden\"><div class=\"totalpoll-form-field totalpoll-form-field-type-hidden totalpoll-column-full\"><div class=\"totalpoll-form-field-wrapper\"><input type=\"hidden\" name=\"totalpoll[screen]\" value=\"vote\" class=\"totalpoll-form-field-input\"><div class=\"totalpoll-form-field-errors\"><\/div><\/div><\/div><\/div><div class=\"totalpoll-form-field-hidden\"><div class=\"totalpoll-form-field totalpoll-form-field-type-hidden totalpoll-column-full\"><div class=\"totalpoll-form-field-wrapper\"><input type=\"hidden\" name=\"totalpoll[pollId]\" value=\"7\" class=\"totalpoll-form-field-input\"><div class=\"totalpoll-form-field-errors\"><\/div><\/div><\/div><\/div><div class=\"totalpoll-form-field-hidden\"><div class=\"totalpoll-form-field totalpoll-form-field-type-hidden totalpoll-column-full\"><div class=\"totalpoll-form-field-wrapper\"><input type=\"hidden\" name=\"totalpoll[action]\" value=\"\" class=\"totalpoll-form-field-input\"><div class=\"totalpoll-form-field-errors\"><\/div><\/div><\/div><\/div><\/div><\/div>\r\n<div class=\"totalpoll-buttons\">\r\n\t<button type=\"submit\" name=\"totalpoll[action]\" value=\"results\" class=\"totalpoll-button totalpoll-buttons-results\">Ergebnisse<\/button><button type=\"submit\" name=\"totalpoll[action]\" value=\"vote\" class=\"totalpoll-button totalpoll-button-primary totalpoll-buttons-vote\">Abstimmen<\/button><\/div>\r\n<\/form><\/div><\/div>\n\n\n\n<p><\/p>\n","protected":false},"excerpt":{"rendered":"<p>Kondom gerissen? Nicht lustig: Pille danach, dann ewiges Warten auf den n\u00e4chsten Zyklus &#8230; Sofern er denn kommt &#8230; \ud83d\ude09 Am besten auch noch angesteckt \u2013 mit dann eeewigem Warten auf Testergebnisse &#8230; Kinder m\u00f6chte man doch gar keine. Insbesondere jetzt nicht. Von Infektionskrankheiten mal ganz zu schweigen &#8230; :p Aber h\u00e4tte, h\u00e4tte, Verh\u00fctungskette: Aus &hellip; <\/p>\n<p class=\"link-more\"><a href=\"https:\/\/kondomriss.de\/\" class=\"more-link\"><span class=\"screen-reader-text\">\u201eWER IST\u2019S GEWESEN?\u201c<\/span> weiterlesen<\/a><\/p>\n","protected":false},"author":1,"featured_media":58,"parent":0,"menu_order":0,"comment_status":"closed","ping_status":"closed","template":"","meta":[],"_links":{"self":[{"href":"https:\/\/kondomriss.de\/index.php\/wp-json\/wp\/v2\/pages\/2"}],"collection":[{"href":"https:\/\/kondomriss.de\/index.php\/wp-json\/wp\/v2\/pages"}],"about":[{"href":"https:\/\/kondomriss.de\/index.php\/wp-json\/wp\/v2\/types\/page"}],"author":[{"embeddable":true,"href":"https:\/\/kondomriss.de\/index.php\/wp-json\/wp\/v2\/users\/1"}],"replies":[{"embeddable":true,"href":"https:\/\/kondomriss.de\/index.php\/wp-json\/wp\/v2\/comments?post=2"}],"version-history":[{"count":12,"href":"https:\/\/kondomriss.de\/index.php\/wp-json\/wp\/v2\/pages\/2\/revisions"}],"predecessor-version":[{"id":67,"href":"https:\/\/kondomriss.de\/index.php\/wp-json\/wp\/v2\/pages\/2\/revisions\/67"}],"wp:featuredmedia":[{"embeddable":true,"href":"https:\/\/kondomriss.de\/index.php\/wp-json\/wp\/v2\/media\/58"}],"wp:attachment":[{"href":"https:\/\/kondomriss.de\/index.php\/wp-json\/wp\/v2\/media?parent=2"}],"curies":[{"name":"wp","href":"https:\/\/api.w.org\/{rel}","templated":true}]}}